{"id":79,"date":"2016-03-08T17:35:38","date_gmt":"2016-03-08T16:35:38","guid":{"rendered":"http:\/\/neu.pv-invest.com\/?page_id=79"},"modified":"2023-09-09T12:33:23","modified_gmt":"2023-09-09T10:33:23","slug":"rechtliche-hinweise","status":"publish","type":"page","link":"https:\/\/pv-invest.com\/de\/rechtliche-hinweise\/","title":{"rendered":"Rechtliche Hinweise"},"content":{"rendered":"<p>[et_pb_section fb_built=&#8220;1&#8243; admin_label=&#8220;section&#8220; _builder_version=&#8220;4.16&#8243; da_disable_devices=&#8220;off|off|off&#8220; global_colors_info=&#8220;{}&#8220; da_is_popup=&#8220;off&#8220; da_exit_intent=&#8220;off&#8220; da_has_close=&#8220;on&#8220; da_alt_close=&#8220;off&#8220; da_dark_close=&#8220;off&#8220; da_not_modal=&#8220;on&#8220; da_is_singular=&#8220;off&#8220; da_with_loader=&#8220;off&#8220; da_has_shadow=&#8220;on&#8220;][et_pb_row _builder_version=&#8220;4.16&#8243; global_colors_info=&#8220;{}&#8220;][et_pb_column type=&#8220;4_4&#8243; _builder_version=&#8220;4.16&#8243; custom_padding=&#8220;|||&#8220; global_colors_info=&#8220;{}&#8220; custom_padding__hover=&#8220;|||&#8220;][et_pb_text disabled_on=&#8220;on|off|off&#8220; admin_label=&#8220;Rechtliche Hinweise Desktop&#8220; module_class=&#8220;pa-heading-line-both&#8220; _builder_version=&#8220;4.22.1&#8243; _module_preset=&#8220;default&#8220; max_width=&#8220;60%&#8220; max_width_tablet=&#8220;100%&#8220; max_width_phone=&#8220;100%&#8220; max_width_last_edited=&#8220;on|desktop&#8220; module_alignment=&#8220;center&#8220; global_colors_info=&#8220;{}&#8220;]<\/p>\n<h1>Rechtliche Hinweise<\/h1>\n<p>[\/et_pb_text][et_pb_text disabled_on=&#8220;off|on|on&#8220; admin_label=&#8220;Rechtliche Hinweise Mobile&#8220; _builder_version=&#8220;4.22.1&#8243; _module_preset=&#8220;default&#8220; text_orientation=&#8220;center&#8220; max_width_tablet=&#8220;&#8220; max_width_phone=&#8220;&#8220; max_width_last_edited=&#8220;on|phone&#8220; module_alignment=&#8220;center&#8220; global_colors_info=&#8220;{}&#8220;]<\/p>\n<h1>Rechtliche Hinweise<\/h1>\n<p>[\/et_pb_text][et_pb_text _builder_version=&#8220;4.22.1&#8243; background_size=&#8220;initial&#8220; background_position=&#8220;top_left&#8220; background_repeat=&#8220;repeat&#8220; text_orientation=&#8220;justified&#8220; module_alignment=&#8220;left&#8220; hover_enabled=&#8220;0&#8243; border_color_all=&#8220;off&#8220; use_border_color=&#8220;off&#8220; border_color=&#8220;#ffffff&#8220; border_style=&#8220;solid&#8220; global_colors_info=&#8220;{}&#8220; text_font_size=&#8220;16px&#8220; sticky_enabled=&#8220;0&#8243;]Alle Rechte vorbehalten. Die Vervielf\u00e4ltigung von Texten, Grafiken und Daten von dieser Website einschlie\u00dflich Speicherung und Nutzung auf optischen und\/oder elektronischen Datentr\u00e4gern ist nur mit vorheriger schriftlicher Zustimmung von PV-Invest GmbH, Austria, gestattet.<\/p>\n<p>PV-INVEST UND\/ODER DEREN LIEFERANTEN MACHEN KEINE ANGABEN ZUR EIGNUNG DER AUF DIESER WEBSITE ENTHALTENEN INFORMATIONEN ZU EINEM BESTIMMTEN ZWECK. ALLE INFORMATIONEN WERDEN OHNE GEW\u00c4HRLEISTUNG JEGLICHER ART ZUR VERF\u00dcGUNG GESTELLT. PV-INVEST BEH\u00c4LT SICH DAS RECHT VOR, DIE ANGEGEBENEN TEXTE, GRAFIKEN UND DATEN JEDERZEIT OHNE VORHERIGE MITTEILUNG \u00c4NDERN ZU K\u00d6NNEN. IN KEINEM FALL K\u00d6NNEN PV-INVEST UND\/ODER DEREN LIEFERANTEN HAFTBAR GEMACHT WERDEN F\u00dcR BESONDERE ODER INDIREKTE SCH\u00c4DEN, FOLGESCH\u00c4DEN ODER SONSTIGE SCH\u00c4DEN, DIE AUS NUTZUNGSAUSFALL, VERLUST VON DATEN ODER ENTGANGENEM GEWINN RESULTIEREN &#8211; SEI ES BEI VERTRAGSGEM\u00c4SSER NUTZUNG ODER DURCH NACHL\u00c4SSIGKEIT ODER SONSTIGE UNERLAUBTE HANDLUNG &#8211; UND DURCH DIE ODER IM ZUSAMMENHANG MIT DER VERWENDUNG VON AUF DIESER WEBSITE VERF\u00dcGBAREN INFORMATIONEN ENTSTANDEN SIND.<br \/>\n[\/et_pb_text][\/et_pb_column][\/et_pb_row][\/et_pb_section]<\/p>\n","protected":false},"excerpt":{"rendered":"<p>Rechtliche HinweiseRechtliche HinweiseAlle Rechte vorbehalten. Die Vervielf\u00e4ltigung von Texten, Grafiken und Daten von dieser Website einschlie\u00dflich Speicherung und Nutzung auf optischen und\/oder elektronischen Datentr\u00e4gern ist nur mit vorheriger schriftlicher Zustimmung von PV-Invest GmbH, Austria, gestattet. PV-INVEST UND\/ODER DEREN LIEFERANTEN MACHEN KEINE ANGABEN ZUR EIGNUNG DER AUF DIESER WEBSITE ENTHALTENEN INFORMATIONEN ZU EINEM BESTIMMTEN ZWECK. ALLE [&hellip;]<\/p>\n","protected":false},"author":2,"featured_media":0,"parent":0,"menu_order":0,"comment_status":"closed","ping_status":"closed","template":"","meta":{"_et_pb_use_builder":"on","_et_pb_old_content":"","_et_gb_content_width":"","footnotes":""},"class_list":["post-79","page","type-page","status-publish","hentry"],"_links":{"self":[{"href":"https:\/\/pv-invest.com\/de\/wp-json\/wp\/v2\/pages\/79","targetHints":{"allow":["GET"]}}],"collection":[{"href":"https:\/\/pv-invest.com\/de\/wp-json\/wp\/v2\/pages"}],"about":[{"href":"https:\/\/pv-invest.com\/de\/wp-json\/wp\/v2\/types\/page"}],"author":[{"embeddable":true,"href":"https:\/\/pv-invest.com\/de\/wp-json\/wp\/v2\/users\/2"}],"replies":[{"embeddable":true,"href":"https:\/\/pv-invest.com\/de\/wp-json\/wp\/v2\/comments?post=79"}],"version-history":[{"count":0,"href":"https:\/\/pv-invest.com\/de\/wp-json\/wp\/v2\/pages\/79\/revisions"}],"wp:attachment":[{"href":"https:\/\/pv-invest.com\/de\/wp-json\/wp\/v2\/media?parent=79"}],"curies":[{"name":"wp","href":"https:\/\/api.w.org\/{rel}","templated":true}]}}