{"id":81,"date":"2016-03-08T17:35:47","date_gmt":"2016-03-08T16:35:47","guid":{"rendered":"http:\/\/neu.pv-invest.com\/?page_id=81"},"modified":"2024-10-15T16:47:07","modified_gmt":"2024-10-15T14:47:07","slug":"impressum","status":"publish","type":"page","link":"https:\/\/pv-invest.com\/de\/impressum\/","title":{"rendered":"Impressum"},"content":{"rendered":"<p>[et_pb_section fb_built=&#8220;1&#8243; admin_label=&#8220;section&#8220; _builder_version=&#8220;4.16&#8243; da_disable_devices=&#8220;off|off|off&#8220; global_colors_info=&#8220;{}&#8220; da_is_popup=&#8220;off&#8220; da_exit_intent=&#8220;off&#8220; da_has_close=&#8220;on&#8220; da_alt_close=&#8220;off&#8220; da_dark_close=&#8220;off&#8220; da_not_modal=&#8220;on&#8220; da_is_singular=&#8220;off&#8220; da_with_loader=&#8220;off&#8220; da_has_shadow=&#8220;on&#8220;][et_pb_row _builder_version=&#8220;4.16&#8243; global_colors_info=&#8220;{}&#8220;][et_pb_column type=&#8220;4_4&#8243; _builder_version=&#8220;4.16&#8243; custom_padding=&#8220;|||&#8220; global_colors_info=&#8220;{}&#8220; custom_padding__hover=&#8220;|||&#8220;][et_pb_text disabled_on=&#8220;on|off|off&#8220; admin_label=&#8220;Impressum Desktop&#8220; module_class=&#8220;pa-heading-line-both&#8220; _builder_version=&#8220;4.22.1&#8243; _module_preset=&#8220;default&#8220; max_width=&#8220;60%&#8220; max_width_tablet=&#8220;100%&#8220; max_width_phone=&#8220;100%&#8220; max_width_last_edited=&#8220;on|desktop&#8220; module_alignment=&#8220;center&#8220; global_colors_info=&#8220;{}&#8220;]<\/p>\n<h1>Impressum<\/h1>\n<p>[\/et_pb_text][et_pb_text disabled_on=&#8220;off|on|on&#8220; admin_label=&#8220;Impressum Mobile&#8220; _builder_version=&#8220;4.22.1&#8243; _module_preset=&#8220;default&#8220; text_orientation=&#8220;center&#8220; max_width_tablet=&#8220;&#8220; max_width_phone=&#8220;&#8220; max_width_last_edited=&#8220;on|phone&#8220; module_alignment=&#8220;center&#8220; global_colors_info=&#8220;{}&#8220;]<\/p>\n<h1>Impressum<\/h1>\n<p>[\/et_pb_text][et_pb_text _builder_version=&#8220;4.22.1&#8243; background_size=&#8220;initial&#8220; background_position=&#8220;top_left&#8220; background_repeat=&#8220;repeat&#8220; module_alignment=&#8220;left&#8220; border_color_all=&#8220;off&#8220; use_border_color=&#8220;off&#8220; global_colors_info=&#8220;{}&#8220;]<\/p>\n<p>Informationspflicht lt. &amp; 5 Abs. 1 E-Commerce-Gesetz. Die Website der Firma PV-Invest GmbH wird Ihnen zur Verf\u00fcgung gestellt von:<\/p>\n<p>[\/et_pb_text][\/et_pb_column][\/et_pb_row][et_pb_row column_structure=&#8220;1_2,1_2&#8243; _builder_version=&#8220;4.16&#8243; background_size=&#8220;initial&#8220; background_position=&#8220;top_left&#8220; background_repeat=&#8220;repeat&#8220; global_colors_info=&#8220;{}&#8220;][et_pb_column type=&#8220;1_2&#8243; _builder_version=&#8220;4.16&#8243; custom_padding=&#8220;|||&#8220; global_colors_info=&#8220;{}&#8220; custom_padding__hover=&#8220;|||&#8220;][et_pb_text _builder_version=&#8220;4.27.0&#8243; background_size=&#8220;initial&#8220; background_position=&#8220;top_left&#8220; background_repeat=&#8220;repeat&#8220; module_alignment=&#8220;left&#8220; hover_enabled=&#8220;0&#8243; border_style=&#8220;solid&#8220; global_colors_info=&#8220;{}&#8220; sticky_enabled=&#8220;0&#8243;]<\/p>\n<h3>PV-Invest\u00a0GmbH<\/h3>\n<p>Hauptstra\u00dfe 246<br \/>\n9201 Krumpendorf am W\u00f6rthersee<br \/>\nAustria<\/p>\n<p><strong>Gesch\u00e4ftsf\u00fchrer:<\/strong> Mag. Gerhard Rabensteiner, DI Thomas Rabensteiner, Dr. Robin Hirschl und Dr. Christoph Glanzer<\/p>\n<p><strong>E-Mail:<\/strong> office@pv-invest.com<\/p>\n<p><strong>Telefon: <\/strong>+43 (0) 463 \/ 218073<\/p>\n<p><strong>Firmenbuchgericht: <\/strong>Landesgericht Klagenfurt<\/p>\n<p><strong>Firmenbuchnummer: <\/strong>331809 f<\/p>\n<p><strong>UID: <\/strong>ATU65198635<\/p>\n<p><strong>Kammerzugeh\u00f6rigkeit: <\/strong>Wirtschaftskammer K\u00e4rnten, Fachgruppe Unternehmensberatung und Datenverarbeitung<\/p>\n<p><strong>Domaininhaber: <\/strong>PV-Invest GmbH, Krumpendorf[\/et_pb_text][\/et_pb_column][et_pb_column type=&#8220;1_2&#8243; _builder_version=&#8220;4.16&#8243; custom_padding=&#8220;|||&#8220; global_colors_info=&#8220;{}&#8220; custom_padding__hover=&#8220;|||&#8220;][et_pb_image src=&#8220;\/wp-content\/uploads\/2016\/03\/pv-mit-sonnenblume2.jpg&#8220; align_tablet=&#8220;center&#8220; align_phone=&#8220;&#8220; align_last_edited=&#8220;on|desktop&#8220; _builder_version=&#8220;4.16&#8243; animation_style=&#8220;slide&#8220; animation_direction=&#8220;left&#8220; animation_duration=&#8220;500ms&#8220; animation_intensity_slide=&#8220;10%&#8220; use_border_color=&#8220;off&#8220; global_colors_info=&#8220;{}&#8220;][\/et_pb_image][\/et_pb_column][\/et_pb_row][\/et_pb_section]<\/p>\n","protected":false},"excerpt":{"rendered":"<p>ImpressumImpressumInformationspflicht lt. &amp; 5 Abs. 1 E-Commerce-Gesetz. Die Website der Firma PV-Invest GmbH wird Ihnen zur Verf\u00fcgung gestellt von: PV-Invest\u00a0GmbH Hauptstra\u00dfe 246 9201 Krumpendorf am W\u00f6rthersee Austria Gesch\u00e4ftsf\u00fchrer: Mag. Gerhard Rabensteiner, DI Thomas Rabensteiner, Dr. Robin Hirschl und Dr. Christoph Glanzer E-Mail: office@pv-invest.com Telefon: +43 (0) 463 \/ 218073 Firmenbuchgericht: Landesgericht Klagenfurt Firmenbuchnummer: 331809 f [&hellip;]<\/p>\n","protected":false},"author":2,"featured_media":0,"parent":0,"menu_order":0,"comment_status":"closed","ping_status":"closed","template":"","meta":{"_et_pb_use_builder":"on","_et_pb_old_content":"","_et_gb_content_width":"","footnotes":""},"class_list":["post-81","page","type-page","status-publish","hentry"],"_links":{"self":[{"href":"https:\/\/pv-invest.com\/de\/wp-json\/wp\/v2\/pages\/81","targetHints":{"allow":["GET"]}}],"collection":[{"href":"https:\/\/pv-invest.com\/de\/wp-json\/wp\/v2\/pages"}],"about":[{"href":"https:\/\/pv-invest.com\/de\/wp-json\/wp\/v2\/types\/page"}],"author":[{"embeddable":true,"href":"https:\/\/pv-invest.com\/de\/wp-json\/wp\/v2\/users\/2"}],"replies":[{"embeddable":true,"href":"https:\/\/pv-invest.com\/de\/wp-json\/wp\/v2\/comments?post=81"}],"version-history":[{"count":5,"href":"https:\/\/pv-invest.com\/de\/wp-json\/wp\/v2\/pages\/81\/revisions"}],"predecessor-version":[{"id":16952,"href":"https:\/\/pv-invest.com\/de\/wp-json\/wp\/v2\/pages\/81\/revisions\/16952"}],"wp:attachment":[{"href":"https:\/\/pv-invest.com\/de\/wp-json\/wp\/v2\/media?parent=81"}],"curies":[{"name":"wp","href":"https:\/\/api.w.org\/{rel}","templated":true}]}}