{"id":96,"date":"2016-03-08T17:43:53","date_gmt":"2016-03-08T16:43:53","guid":{"rendered":"http:\/\/neu.pv-invest.com\/?page_id=96"},"modified":"2025-04-30T12:40:30","modified_gmt":"2025-04-30T10:40:30","slug":"kraftwerke","status":"publish","type":"page","link":"https:\/\/pv-invest.com\/de\/kraftwerke\/","title":{"rendered":"Kraftwerke"},"content":{"rendered":"<p>[et_pb_section fb_built=&#8220;1&#8243; disabled_on=&#8220;on|on|off&#8220; admin_label=&#8220;Header Desktop&#8220; _builder_version=&#8220;4.23&#8243; _module_preset=&#8220;default&#8220; background_image=&#8220;https:\/\/pv-invest.com\/wp-content\/uploads\/2023\/09\/eberhard-grossgasteiger_2134x1200.jpg&#8220; background_position=&#8220;top_right&#8220; da_disable_devices=&#8220;off|off|off&#8220; global_colors_info=&#8220;{}&#8220; da_is_popup=&#8220;off&#8220; da_exit_intent=&#8220;off&#8220; da_has_close=&#8220;on&#8220; da_alt_close=&#8220;off&#8220; da_dark_close=&#8220;off&#8220; da_not_modal=&#8220;on&#8220; da_is_singular=&#8220;off&#8220; da_with_loader=&#8220;off&#8220; da_has_shadow=&#8220;on&#8220;][et_pb_row column_structure=&#8220;1_2,1_2&#8243; disabled_on=&#8220;off|off|off&#8220; _builder_version=&#8220;4.22.1&#8243; _module_preset=&#8220;default&#8220; custom_margin=&#8220;40px||40px||false|false&#8220; global_colors_info=&#8220;{}&#8220;][et_pb_column type=&#8220;1_2&#8243; _builder_version=&#8220;4.22.1&#8243; _module_preset=&#8220;default&#8220; custom_padding=&#8220;|0px||200px|false|false&#8220; global_colors_info=&#8220;{}&#8220;][et_pb_text admin_label=&#8220;L\u00e4nder&#8220; _builder_version=&#8220;4.22.1&#8243; _module_preset=&#8220;default&#8220; text_font=&#8220;|||on|||||&#8220; text_font_size=&#8220;18px&#8220; header_text_align=&#8220;center&#8220; header_font_size=&#8220;72px&#8220; text_orientation=&#8220;center&#8220; background_layout=&#8220;dark&#8220; hover_enabled=&#8220;0&#8243; global_colors_info=&#8220;{}&#8220; sticky_enabled=&#8220;0&#8243;]<\/p>\n<h1>10<\/h1>\n<p>L\u00e4nder[\/et_pb_text][et_pb_text admin_label=&#8220;Stromproduktion &#8220; _builder_version=&#8220;4.27.4&#8243; _module_preset=&#8220;default&#8220; text_font=&#8220;||||||||&#8220; header_text_align=&#8220;center&#8220; header_font_size=&#8220;48px&#8220; text_orientation=&#8220;center&#8220; background_layout=&#8220;dark&#8220; hover_enabled=&#8220;0&#8243; global_colors_info=&#8220;{}&#8220; sticky_enabled=&#8220;0&#8243;]<\/p>\n<h1>90.443<\/h1>\n<p>j\u00e4hrliche Stromproduktion in MWh<\/p>\n<p>[\/et_pb_text][\/et_pb_column][et_pb_column type=&#8220;1_2&#8243; _builder_version=&#8220;4.22.1&#8243; _module_preset=&#8220;default&#8220; custom_padding=&#8220;|200px||0px|false|false&#8220; global_colors_info=&#8220;{}&#8220;][et_pb_text admin_label=&#8220;Kraftwerke&#8220; _builder_version=&#8220;4.27.4&#8243; _module_preset=&#8220;default&#8220; text_font=&#8220;|||on|||||&#8220; text_font_size=&#8220;18px&#8220; header_text_align=&#8220;center&#8220; header_font_size=&#8220;72px&#8220; text_orientation=&#8220;center&#8220; background_layout=&#8220;dark&#8220; hover_enabled=&#8220;0&#8243; global_colors_info=&#8220;{}&#8220; sticky_enabled=&#8220;0&#8243;]<\/p>\n<h1>108<\/h1>\n<p>Kraftwerke<\/p>\n<p>[\/et_pb_text][et_pb_text admin_label=&#8220;j\u00e4hrliche CO2-Einsparung&#8220; _builder_version=&#8220;4.22.2&#8243; _module_preset=&#8220;default&#8220; text_font=&#8220;||||||||&#8220; header_text_align=&#8220;center&#8220; header_font_size=&#8220;48px&#8220; text_orientation=&#8220;center&#8220; background_layout=&#8220;dark&#8220; hover_enabled=&#8220;0&#8243; global_colors_info=&#8220;{}&#8220; sticky_enabled=&#8220;0&#8243;]<\/p>\n<h1>38.800<\/h1>\n<p>Tonnen j\u00e4hrliche CO2-Einsparung<\/p>\n<p>[\/et_pb_text][\/et_pb_column][\/et_pb_row][\/et_pb_section][et_pb_section fb_built=&#8220;1&#8243; disabled_on=&#8220;off|off|on&#8220; admin_label=&#8220;Header Mobile&#8220; _builder_version=&#8220;4.23&#8243; _module_preset=&#8220;default&#8220; background_image=&#8220;https:\/\/pv-invest.com\/wp-content\/uploads\/2023\/09\/eberhard-grossgasteiger_2134x1200.jpg&#8220; background_position=&#8220;top_right&#8220; da_disable_devices=&#8220;off|off|off&#8220; global_colors_info=&#8220;{}&#8220; da_is_popup=&#8220;off&#8220; da_exit_intent=&#8220;off&#8220; da_has_close=&#8220;on&#8220; da_alt_close=&#8220;off&#8220; da_dark_close=&#8220;off&#8220; da_not_modal=&#8220;on&#8220; da_is_singular=&#8220;off&#8220; da_with_loader=&#8220;off&#8220; da_has_shadow=&#8220;on&#8220;][et_pb_row disabled_on=&#8220;off|off|off&#8220; _builder_version=&#8220;4.22.1&#8243; _module_preset=&#8220;default&#8220; module_alignment=&#8220;center&#8220; custom_margin=&#8220;||||false|false&#8220; global_colors_info=&#8220;{}&#8220;][et_pb_column type=&#8220;4_4&#8243; _builder_version=&#8220;4.22.1&#8243; _module_preset=&#8220;default&#8220; custom_padding=&#8220;||||false|false&#8220; global_colors_info=&#8220;{}&#8220;][et_pb_text admin_label=&#8220;L\u00e4nder&#8220; _builder_version=&#8220;4.22.1&#8243; _module_preset=&#8220;default&#8220; text_font=&#8220;|||on|||||&#8220; text_font_size=&#8220;18px&#8220; header_text_align=&#8220;center&#8220; header_font_size=&#8220;72px&#8220; text_orientation=&#8220;center&#8220; background_layout=&#8220;dark&#8220; global_colors_info=&#8220;{}&#8220;]<\/p>\n<h1>10<\/h1>\n<p>L\u00e4nder[\/et_pb_text][et_pb_text admin_label=&#8220;Kraftwerke&#8220; _builder_version=&#8220;4.22.1&#8243; _module_preset=&#8220;default&#8220; text_font=&#8220;|||on|||||&#8220; text_font_size=&#8220;18px&#8220; header_text_align=&#8220;center&#8220; header_font_size=&#8220;72px&#8220; text_orientation=&#8220;center&#8220; background_layout=&#8220;dark&#8220; global_colors_info=&#8220;{}&#8220;]<\/p>\n<h1>92<\/h1>\n<p>Kraftwerke[\/et_pb_text][et_pb_text admin_label=&#8220;Stromproduktion &#8220; _builder_version=&#8220;4.22.1&#8243; _module_preset=&#8220;default&#8220; text_font=&#8220;||||||||&#8220; header_text_align=&#8220;center&#8220; header_font_size=&#8220;48px&#8220; text_orientation=&#8220;center&#8220; background_layout=&#8220;dark&#8220; global_colors_info=&#8220;{}&#8220;]<\/p>\n<h1>62.249<\/h1>\n<p>j\u00e4hrliche Stromproduktion in MWh[\/et_pb_text][et_pb_text admin_label=&#8220;j\u00e4hrliche CO2-Einsparung&#8220; _builder_version=&#8220;4.22.1&#8243; _module_preset=&#8220;default&#8220; text_font=&#8220;||||||||&#8220; header_text_align=&#8220;center&#8220; header_font_size=&#8220;48px&#8220; text_orientation=&#8220;center&#8220; background_layout=&#8220;dark&#8220; global_colors_info=&#8220;{}&#8220;]<\/p>\n<h1>37.100<\/h1>\n<p>Tonnen j\u00e4hrliche CO2-Einsparung[\/et_pb_text][\/et_pb_column][\/et_pb_row][\/et_pb_section][et_pb_section fb_built=&#8220;1&#8243; admin_label=&#8220;Unsere Kraftwerke&#8220; _builder_version=&#8220;4.22.1&#8243; background_color=&#8220;#ffffff&#8220; custom_margin=&#8220;0px||0px||false|false&#8220; custom_padding=&#8220;50px||50px||false|false&#8220; da_disable_devices=&#8220;off|off|off&#8220; global_colors_info=&#8220;{}&#8220; da_is_popup=&#8220;off&#8220; da_exit_intent=&#8220;off&#8220; da_has_close=&#8220;on&#8220; da_alt_close=&#8220;off&#8220; da_dark_close=&#8220;off&#8220; da_not_modal=&#8220;on&#8220; da_is_singular=&#8220;off&#8220; da_with_loader=&#8220;off&#8220; da_has_shadow=&#8220;on&#8220;][et_pb_row _builder_version=&#8220;4.22.1&#8243; global_colors_info=&#8220;{}&#8220;][et_pb_column type=&#8220;4_4&#8243; _builder_version=&#8220;4.16&#8243; custom_padding=&#8220;|||&#8220; global_colors_info=&#8220;{}&#8220; custom_padding__hover=&#8220;|||&#8220;][et_pb_text disabled_on=&#8220;on|off|off&#8220; admin_label=&#8220;Unsere Kraftwerke Desktop&#8220; module_class=&#8220;pa-heading-line-both&#8220; _builder_version=&#8220;4.22.1&#8243; _module_preset=&#8220;default&#8220; max_width=&#8220;60%&#8220; max_width_tablet=&#8220;100%&#8220; max_width_phone=&#8220;100%&#8220; max_width_last_edited=&#8220;on|desktop&#8220; module_alignment=&#8220;center&#8220; global_colors_info=&#8220;{}&#8220;]<\/p>\n<h1>Unsere Kraftwerke<\/h1>\n<p>[\/et_pb_text][et_pb_text disabled_on=&#8220;off|on|on&#8220; admin_label=&#8220;Unsere Kraftwerke Mobile&#8220; _builder_version=&#8220;4.22.1&#8243; _module_preset=&#8220;default&#8220; text_orientation=&#8220;center&#8220; max_width_tablet=&#8220;&#8220; max_width_phone=&#8220;&#8220; max_width_last_edited=&#8220;on|phone&#8220; module_alignment=&#8220;center&#8220; global_colors_info=&#8220;{}&#8220;]<\/p>\n<h1>Unsere Kraftwerke<\/h1>\n<p>[\/et_pb_text][\/et_pb_column][\/et_pb_row][et_pb_row _builder_version=&#8220;4.22.1&#8243; _module_preset=&#8220;default&#8220; global_colors_info=&#8220;{}&#8220;][et_pb_column type=&#8220;4_4&#8243; _builder_version=&#8220;4.22.1&#8243; _module_preset=&#8220;default&#8220; global_colors_info=&#8220;{}&#8220;][et_pb_filterable_portfolio fullwidth=&#8220;off&#8220; posts_number=&#8220;8&#8243; include_categories=&#8220;111,110,109&#8243; _builder_version=&#8220;4.22.1&#8243; _module_preset=&#8220;default&#8220; title_line_height=&#8220;1.3em&#8220; filter_font_size=&#8220;20px&#8220; pagination_font_size=&#8220;20px&#8220; global_colors_info=&#8220;{}&#8220;][\/et_pb_filterable_portfolio][\/et_pb_column][\/et_pb_row][\/et_pb_section][et_pb_section fb_built=&#8220;1&#8243; admin_label=&#8220;B\u00fcrgerbeteiligungen&#8220; _builder_version=&#8220;4.22.1&#8243; background_color=&#8220;#ffffff&#8220; custom_margin=&#8220;0px||0px||false|false&#8220; custom_padding=&#8220;50px||50px||false|false&#8220; da_disable_devices=&#8220;off|off|off&#8220; global_colors_info=&#8220;{}&#8220; da_is_popup=&#8220;off&#8220; da_exit_intent=&#8220;off&#8220; da_has_close=&#8220;on&#8220; da_alt_close=&#8220;off&#8220; da_dark_close=&#8220;off&#8220; da_not_modal=&#8220;on&#8220; da_is_singular=&#8220;off&#8220; da_with_loader=&#8220;off&#8220; da_has_shadow=&#8220;on&#8220;][et_pb_row _builder_version=&#8220;4.16&#8243; global_colors_info=&#8220;{}&#8220;][et_pb_column type=&#8220;4_4&#8243; _builder_version=&#8220;4.16&#8243; custom_padding=&#8220;|||&#8220; global_colors_info=&#8220;{}&#8220; custom_padding__hover=&#8220;|||&#8220;][et_pb_text disabled_on=&#8220;on|off|off&#8220; admin_label=&#8220;B\u00fcrgerbeteiligung Desktop&#8220; module_class=&#8220;pa-heading-line-both&#8220; _builder_version=&#8220;4.22.1&#8243; _module_preset=&#8220;default&#8220; max_width=&#8220;60%&#8220; max_width_tablet=&#8220;100%&#8220; max_width_phone=&#8220;100%&#8220; max_width_last_edited=&#8220;on|desktop&#8220; module_alignment=&#8220;center&#8220; global_colors_info=&#8220;{}&#8220;]<\/p>\n<h1>B\u00fcrgerbeteiligung<\/h1>\n<p>[\/et_pb_text][et_pb_text disabled_on=&#8220;off|on|on&#8220; admin_label=&#8220;B\u00fcrgerbeteiligung Mobile&#8220; _builder_version=&#8220;4.22.1&#8243; _module_preset=&#8220;default&#8220; text_orientation=&#8220;center&#8220; max_width_tablet=&#8220;&#8220; max_width_phone=&#8220;&#8220; max_width_last_edited=&#8220;on|phone&#8220; module_alignment=&#8220;center&#8220; global_colors_info=&#8220;{}&#8220;]<\/p>\n<h1>B\u00fcrgerbeteiligung<\/h1>\n<p>[\/et_pb_text][et_pb_text _builder_version=&#8220;4.23&#8243; _module_preset=&#8220;default&#8220; text_orientation=&#8220;justified&#8220; width=&#8220;60%&#8220; width_tablet=&#8220;100%&#8220; width_phone=&#8220;100%&#8220; width_last_edited=&#8220;on|tablet&#8220; module_alignment=&#8220;center&#8220; global_colors_info=&#8220;{}&#8220;]Die PV-Invest bietet in ihrer Unternehmensgruppe auch das Modell der B\u00fcrgerbeteiligung an. Dadurch wird es B\u00fcrger:innen auch schon mit kleinen Betr\u00e4gen erm\u00f6glicht, sich an Photovoltaik-Kraftwerken zu beteiligen und selbst zum Miteigent\u00fcmer von einem Photovoltaik-Kraftwerken zu werden.[\/et_pb_text][et_pb_button button_url=&#8220;\/de\/invest\/#buergerbeteiligung&#8220; button_text=&#8220;Mitmachen&#8220; button_alignment=&#8220;center&#8220; _builder_version=&#8220;4.22.1&#8243; _module_preset=&#8220;default&#8220; global_colors_info=&#8220;{}&#8220;][\/et_pb_button][\/et_pb_column][\/et_pb_row][\/et_pb_section]<\/p>\n","protected":false},"excerpt":{"rendered":"<p>10 L\u00e4nder90.443 j\u00e4hrliche Stromproduktion in MWh108 Kraftwerke38.800 Tonnen j\u00e4hrliche CO2-Einsparung10 L\u00e4nder92 Kraftwerke62.249 j\u00e4hrliche Stromproduktion in MWh37.100 Tonnen j\u00e4hrliche CO2-EinsparungUnsere KraftwerkeUnsere KraftwerkeB\u00fcrgerbeteiligungB\u00fcrgerbeteiligungDie PV-Invest bietet in ihrer Unternehmensgruppe auch das Modell der B\u00fcrgerbeteiligung an. Dadurch wird es B\u00fcrger:innen auch schon mit kleinen Betr\u00e4gen erm\u00f6glicht, sich an Photovoltaik-Kraftwerken zu beteiligen und selbst zum Miteigent\u00fcmer von einem Photovoltaik-Kraftwerken zu [&hellip;]<\/p>\n","protected":false},"author":2,"featured_media":0,"parent":0,"menu_order":0,"comment_status":"closed","ping_status":"closed","template":"","meta":{"_et_pb_use_builder":"on","_et_pb_old_content":"","_et_gb_content_width":"","footnotes":""},"class_list":["post-96","page","type-page","status-publish","hentry"],"_links":{"self":[{"href":"https:\/\/pv-invest.com\/de\/wp-json\/wp\/v2\/pages\/96","targetHints":{"allow":["GET"]}}],"collection":[{"href":"https:\/\/pv-invest.com\/de\/wp-json\/wp\/v2\/pages"}],"about":[{"href":"https:\/\/pv-invest.com\/de\/wp-json\/wp\/v2\/types\/page"}],"author":[{"embeddable":true,"href":"https:\/\/pv-invest.com\/de\/wp-json\/wp\/v2\/users\/2"}],"replies":[{"embeddable":true,"href":"https:\/\/pv-invest.com\/de\/wp-json\/wp\/v2\/comments?post=96"}],"version-history":[{"count":11,"href":"https:\/\/pv-invest.com\/de\/wp-json\/wp\/v2\/pages\/96\/revisions"}],"predecessor-version":[{"id":19096,"href":"https:\/\/pv-invest.com\/de\/wp-json\/wp\/v2\/pages\/96\/revisions\/19096"}],"wp:attachment":[{"href":"https:\/\/pv-invest.com\/de\/wp-json\/wp\/v2\/media?parent=96"}],"curies":[{"name":"wp","href":"https:\/\/api.w.org\/{rel}","templated":true}]}}