{"id":13570,"date":"2023-10-20T14:39:06","date_gmt":"2023-10-20T12:39:06","guid":{"rendered":"https:\/\/dev01.pv-invest.com\/?post_type=product&#038;p=13570"},"modified":"2024-10-02T11:24:11","modified_gmt":"2024-10-02T09:24:11","slug":"pv-invest-green-bond-2023-2028","status":"publish","type":"product","link":"https:\/\/pv-invest.com\/de\/produkt\/pv-invest-green-bond-2023-2028\/","title":{"rendered":"5,00 % PV-Invest Green Bond 2023-2028"},"content":{"rendered":"<h2>und Angaben zur Anleihe<\/h2>\n<table>\n<tr style=\"vertical-align:top;\">\n<td width=\"40%\"><strong>Wertpapierart und -gattung<\/strong><\/td>\n<td width=\"60%\">nicht-nachrangige, auf den Inhaber lautende Schuldverschreibungen mit fixem und variablem Zinssatz<\/td>\n<\/tr>\n<tr style=\"vertical-align:top;\">\n<td width=\"40%\"><strong>ISIN<\/strong><\/td>\n<td width=\"60%\">\u00a0<\/td>\n<\/tr>\n<tr style=\"vertical-align:top;\">\n<td width=\"40%\"><strong><span class=\"arrow_right\"><\/span> Anleihe 2023-2028<\/strong><\/td>\n<td width=\"60%\"><span class=\"arrow_right\"><\/span> AT0000A37UV1<\/td>\n<\/tr>\n<tr style=\"vertical-align:top;\">\n<td width=\"40%\"><strong><span class=\"arrow_right\"><\/span> Anleihe 2023-2033<\/strong><\/td>\n<td width=\"60%\"><span class=\"arrow_right\"><\/span> AT0000A37UW9<\/td>\n<\/tr>\n<tr style=\"vertical-align:top;\">\n<td width=\"40%\"><strong>Emissionsvolumen je Anleihe<\/strong><\/td>\n<td width=\"60%\">bis zu EUR 10.000.000<\/td>\n<\/tr>\n<tr style=\"vertical-align:top;\">\n<td width=\"40%\"><strong>Ausgabekurs<\/strong><\/td>\n<td width=\"60%\">101,00 %<\/td>\n<\/tr>\n<tr style=\"vertical-align:top;\">\n<td width=\"40%\"><strong>R\u00fcckgabekurs<\/strong><\/td>\n<td width=\"60%\">100,00 %<\/td>\n<\/tr>\n<tr style=\"vertical-align:top;\">\n<td width=\"40%\"><strong>Laufzeit<\/strong><\/td>\n<td width=\"60%\">in Abh\u00e4ngigkeit der Anleihe<\/td>\n<\/tr>\n<tr style=\"vertical-align:top;\">\n<td width=\"40%\"><strong><span class=\"arrow_right\"><\/span> Anleihe 2023-2028<\/strong><\/td>\n<td width=\"60%\"><span class=\"arrow_right\"><\/span> 60 Monate<\/td>\n<\/tr>\n<tr style=\"vertical-align:top;\">\n<td width=\"40%\"><strong><span class=\"arrow_right\"><\/span> Anleihe 2023-2033<\/strong><\/td>\n<td width=\"60%\"><span class=\"arrow_right\"><\/span> 120 Monate mit j\u00e4hrlicher Teiltilgung in H\u00f6he von 10% vom Nominale<\/td>\n<\/tr>\n<tr style=\"vertical-align:top;\">\n<td width=\"40%\"><strong>Verzinsung<\/strong><\/td>\n<td width=\"60%\">Die Zinszahlung erfolgt j\u00e4hrlich, erstmals zum 15.11.2024<\/td>\n<\/tr>\n<tr style=\"vertical-align:top;\">\n<td width=\"40%\"><strong><span class=\"arrow_right\"><\/span> Anleihe 2023-2028<\/strong><\/td>\n<td width=\"60%\"><span class=\"arrow_right\"><\/span> 5,00 % p.a.<\/td>\n<\/tr>\n<tr style=\"vertical-align:top;\">\n<td width=\"40%\"><strong><span class=\"arrow_right\"><\/span> Anleihe 2023-2033<\/strong><\/td>\n<td width=\"60%\"><span class=\"arrow_right\"><\/span> 100 Basispunkte Aufschlag auf den 3-Monats-Euribor (kaufm\u00e4nnisch gerundet), mit j\u00e4hrlichem Stichtag am 31. Oktober, variabel auf die Laufzeit &#8211; berechnet vom jeweils aushaftenden Betrag. Der Zinssatz f\u00fcr die erste Zinsperiode bemisst sich am 3-Monats-Euribor zum 30.09.2023.<\/td>\n<\/tr>\n<tr style=\"vertical-align:top;\">\n<td width=\"40%\"><strong>St\u00fcckelung<\/strong><\/td>\n<td width=\"60%\">bis zu je 10.000 St\u00fcck im Nennbetrag von je EUR 1.000<\/td>\n<\/tr>\n<tr style=\"vertical-align:top;\">\n<td width=\"40%\"><strong>Mindestanlage<\/strong><\/td>\n<td width=\"60%\">EUR 1.000<\/td>\n<\/tr>\n<tr style=\"vertical-align:top;\">\n<td width=\"40%\"><strong>Zeichnungsfrist<\/strong><\/td>\n<td width=\"60%\">bis 15. Juni 2024, sofern das \u00f6ffentliche Angebot nicht vorzeitig beendet wird<\/td>\n<\/tr>\n<tr style=\"vertical-align:top;\">\n<td width=\"40%\"><strong>St\u00fcckzinsen<\/strong><\/td>\n<td width=\"60%\">Zinszahlungen erfolgen stets f\u00fcr eine volle Zinsperiode. Daher werden f\u00fcr den Zeitraum zwischen dem Begebungstag am 15. November 2023 und dem Tag des Anleihekaufes tagegenaue St\u00fcckzinsen verrechnet.<\/td>\n<\/tr>\n<tr style=\"vertical-align:top;\">\n<td width=\"40%\"><strong>Zahlstelle<\/strong><\/td>\n<td width=\"60%\">Baader Bank AG<\/td>\n<\/tr>\n<tr style=\"vertical-align:top;\">\n<td width=\"40%\"><strong>Covenants<\/strong><\/td>\n<td width=\"60%\">Pari-passu-Klausel, Negativverpflichtung<\/td>\n<\/tr>\n<tr style=\"vertical-align:top;\">\n<td width=\"40%\"><strong>W\u00e4hrung<\/strong><\/td>\n<td width=\"60%\">Euro<\/td>\n<\/tr>\n<tr style=\"vertical-align:top;\">\n<td width=\"40%\"><strong>B\u00f6rsennotierung<\/strong><\/td>\n<td width=\"60%\">Vienna MTF<\/td>\n<\/tr>\n<tr style=\"vertical-align:top;\">\n<td width=\"40%\"><strong>Gr\u00fcnde f\u00fcr die Anleihe<\/strong><\/td>\n<td width=\"60%\">Der Nettoerl\u00f6s aus der Emission der Schuldverschreibungen wird von der Emittentin f\u00fcr den Erwerb oder den Bau neuer Photovoltaik- und Wasserkraftanlagen, insbesondere, aber nicht ausschlie\u00dflich in Italien und Griechenland, sowie f\u00fcr die Sanierung und Instandhaltung bestehender Kraftwerke verwendet. Die Emission der Schuldverschreibungen dient nicht der Refinanzierung bestehender Schuldverschreibungen der Gesellschaft. Ausf\u00fchrliche Informationen zu der Anleihe und den damit verbundenen Risiken finden sich im Wertpapierprospekt. Der gebilligte \/ notifizierte Wertpapierprospekt ist auf der Website der Gesellschaft unter www.pv-invest.com und bei der PV-Invest GmbH, Lakeside B07, A-9020 Klagenfurt, \u00d6sterreich kostenfrei erh\u00e4ltlich.<\/td>\n<\/tr>\n<tr style=\"vertical-align:top;\">\n<td width=\"40%\"><strong>Anwendbares Recht<\/strong><\/td>\n<td width=\"60%\">\u00d6sterreichisches Recht<\/td>\n<\/tr>\n<tr style=\"vertical-align:top;\">\n<td width=\"40%\"><strong>Kontakt<\/strong><\/td>\n<td width=\"60%\">PV-Invest GmbH \u00b7 Heidrun Ziegenfu\u00df BSc. \u00b7 Lakeside B07 \u00b7 A-9020 Klagenfurt \u00b7 \u00d6sterreich \u00b7 Telefon: +43 (0) 463 \/ 218 073 \u201323 \u00b7 E-Mail: <a href=\"mailto:office@pv-invest.com\">office@pv-invest.com<\/a><\/td>\n<\/tr>\n<\/table>\n","protected":false},"excerpt":{"rendered":"<p>&nbsp;<br \/>\n&nbsp;<br \/>\nMindestzeichnungssumme \u20ac 1.000,- zzgl. 1,0 % Agio.<br \/>\n&nbsp;<br \/>\nSt\u00fcckelung im Nennbetrag von je \u20ac 1.000,-<br \/>\n&nbsp;<br \/>\nSt\u00fcckzinsen ab 15. November 2023 von rd. \u20ac 0,14 je \u20ac 1.000,- Anleihe pro Tag<br \/>\n&nbsp;<\/p>\n","protected":false},"featured_media":14388,"comment_status":"closed","ping_status":"closed","template":"","meta":{"_et_pb_use_builder":"off","_et_pb_old_content":"<h2>und Angaben zur Anleihe<\/h2>\r\n\r\n<table>\r\n<tr style=\"vertical-align:top\">\r\n<td width=\"40%\"><strong>Wertpapierart und -gattung<\/strong><\/td>\r\n<td width=\"60%\">nicht-nachrangige, auf den Inhaber lautende Schuldverschreibungen mit fixem Zinssatz<\/td>\r\n<\/tr>\r\n\r\n<tr style=\"vertical-align:top\">\r\n<td width=\"40%\"><strong>ISIN<\/strong><\/td>\r\n<td width=\"60%\">\u00a0<\/td>\r\n<\/tr>\r\n\r\n<tr style=\"vertical-align:top\">\r\n<td width=\"40%\"><strong><span class=\"arrow_right\"><\/span> Anleihe 2020-2025<\/strong><\/td>\r\n<td width=\"60%\"><span class=\"arrow_right\"><\/span> AT0000A2KRF8<\/td>\r\n<\/tr>\r\n\r\n<tr style=\"vertical-align:top\">\r\n<td width=\"40%\"><strong><span class=\"arrow_right\"><\/span> Anleihe 2020-2030<\/strong><\/td>\r\n<td width=\"60%\"><span class=\"arrow_right\"><\/span> AT0000A2KRG6<\/td>\r\n<\/tr>\r\n\r\n<tr style=\"vertical-align:top\">\r\n<td width=\"40%\"><strong>Emissionsvolumen (gem. Basisprospekt)<\/strong><\/td>\r\n<td width=\"60%\">bis zu EUR 15.000.000<\/td>\r\n<\/tr>\r\n\r\n<tr style=\"vertical-align:top\">\r\n<td width=\"40%\"><strong><span class=\"arrow_right\"><\/span> Anleihe 2020-2025<\/strong><\/td>\r\n<td width=\"60%\"><span class=\"arrow_right\"><\/span> bis zu EUR 7.500.000<\/td>\r\n<\/tr>\r\n\r\n<tr style=\"vertical-align:top\">\r\n<td width=\"40%\"><strong><span class=\"arrow_right\"><\/span> Anleihe 2020-2030<\/strong><\/td>\r\n<td width=\"60%\"><span class=\"arrow_right\"><\/span> bis zu EUR 7.500.000<\/td>\r\n<\/tr>\r\n\r\n<tr style=\"vertical-align:top\">\r\n<td width=\"40%\"><strong>Ausgabekurs<\/strong><\/td>\r\n<td width=\"60%\">101,00 %<\/td>\r\n<\/tr>\r\n\r\n<tr style=\"vertical-align:top\">\r\n<td width=\"40%\"><strong>R\u00fcckgabekurs<\/strong><\/td>\r\n<td width=\"60%\">100,00 %<\/td>\r\n<\/tr>\r\n\r\n<tr style=\"vertical-align:top\">\r\n<td width=\"40%\"><strong>Laufzeit<\/strong><\/td>\r\n<td width=\"60%\">in Abh\u00e4ngigkeit der Anleihe<\/td>\r\n<\/tr>\r\n\r\n<tr style=\"vertical-align:top\">\r\n<td width=\"40%\"><strong><span class=\"arrow_right\"><\/span> Anleihe 2020-2025<\/strong><\/td>\r\n<td width=\"60%\"><span class=\"arrow_right\"><\/span> 55 Monate<\/td>\r\n<\/tr>\r\n\r\n<tr style=\"vertical-align:top\">\r\n<td width=\"40%\"><strong><span class=\"arrow_right\"><\/span> Anleihe 2020-2030<\/strong><\/td>\r\n<td width=\"60%\"><span class=\"arrow_right\"><\/span> 120 Monate<\/td>\r\n<\/tr>\r\n\r\n<tr style=\"vertical-align:top\">\r\n<td width=\"40%\"><strong>Verzinsung<\/strong><\/td>\r\n<td width=\"60%\">Die Zinszahlung erfolgt j\u00e4hrlich, erstmals zum 23.11.2021<\/td>\r\n<\/tr>\r\n\r\n<tr style=\"vertical-align:top\">\r\n<td width=\"40%\"><strong><span class=\"arrow_right\"><\/span> Anleihe 2020-2025<\/strong><\/td>\r\n<td width=\"60%\"><span class=\"arrow_right\"><\/span> 3,50 %<\/td>\r\n<\/tr>\r\n\r\n<tr style=\"vertical-align:top\">\r\n<td width=\"40%\"><strong><span class=\"arrow_right\"><\/span> Anleihe 2020-2030<\/strong><\/td>\r\n<td width=\"60%\"><span class=\"arrow_right\"><\/span> 4,50 %<\/td>\r\n<\/tr>\r\n\r\n\r\n<tr style=\"vertical-align:top\">\r\n<td width=\"40%\"><strong>St\u00fcckelung<\/strong><\/td>\r\n<td width=\"60%\">bis zu 15.000 St\u00fcck im Nennbetrag von je EUR 1.000<\/td>\r\n<\/tr>\r\n\r\n<tr style=\"vertical-align:top\">\r\n<td width=\"40%\"><strong>Mindestanlage<\/strong><\/td>\r\n<td width=\"60%\">EUR 1.000<\/td>\r\n<\/tr>\r\n\r\n<tr style=\"vertical-align:top\">\r\n<td width=\"40%\"><strong>Zeichnungsfrist<\/strong><\/td>\r\n<td width=\"60%\">bis 15. Januar 2021, sofern das \u00f6ffentliche Angebot nicht vorzeitig beendet wird<\/td>\r\n<\/tr>\r\n\r\n<tr style=\"vertical-align:top\">\r\n<td width=\"40%\"><strong>St\u00fcckzinsen<\/strong><\/td>\r\n<td width=\"60%\">Zinszahlungen erfolgen stets f\u00fcr eine volle Zinsperiode. Daher werden f\u00fcr den Zeitraum zwischen dem Begebungstag am 23. November 2020 und dem Anleihekauf tagegenaue St\u00fcckzinsen verrechnet.<\/td>\r\n<\/tr>\r\n\r\n<tr style=\"vertical-align:top\">\r\n<td width=\"40%\"><strong>Zahlstelle<\/strong><\/td>\r\n<td width=\"60%\">Baader Bank AG<\/td>\r\n<\/tr>\r\n\r\n<tr style=\"vertical-align:top\">\r\n<td width=\"40%\"><strong>Covenants<\/strong><\/td>\r\n<td width=\"60%\">Pari-passu-Klausel, Negativverpflichtung, Kontrollwechsel-Klausel<\/td>\r\n<\/tr>\r\n\r\n<tr style=\"vertical-align:top\">\r\n<td width=\"40%\"><strong>W\u00e4hrung<\/strong><\/td>\r\n<td width=\"60%\">Euro<\/td>\r\n<\/tr>\r\n\r\n<tr style=\"vertical-align:top\">\r\n<td width=\"40%\"><strong>B\u00f6rsennotierung<\/strong><\/td>\r\n<td width=\"60%\">Vienna MTF<\/td>\r\n<\/tr>\r\n\r\n<tr style=\"vertical-align:top\">\r\n<td width=\"40%\"><strong>Gr\u00fcnde f\u00fcr die Anleihe<\/strong><\/td>\r\n<td width=\"60%\">Die Anleiheerl\u00f6se dienen vorrangig der Wachstumsfinanzierung, insbesondere durch Zuk\u00e4ufe von Projekten und Bestandsobjekten und zu einem geringen Teil der Optimierung der Finanzstrukturen. Ausf\u00fchrliche Informationen zu der Anleihe und den damit verbundenen Risiken finden sich im Wertpapierprospekt. Der gebilligte \/ notifizierte Wertpapierprospekt ist auf der Website der Gesellschaft unter www.pv-invest.com und bei der PV-Invest GmbH, Lakeside B07, A-9020 Klagenfurt, \u00d6sterreich kostenfrei erh\u00e4ltlich.<\/td>\r\n<\/tr>\r\n\r\n<tr style=\"vertical-align:top\">\r\n<td width=\"40%\"><strong>Anwendbares Recht<\/strong><\/td>\r\n<td width=\"60%\">\u00d6sterreichisches Recht<\/td>\r\n<\/tr>\r\n\r\n<tr style=\"vertical-align:top\">\r\n<td width=\"40%\"><strong>Kontakt<\/strong><\/td>\r\n<td width=\"60%\">PV\u2013Invest GmbH \u00b7 Mag. Richard Petz \u00b7 Lakeside B07 \u00b7 A-9020 Klagenfurt \u00b7 \u00d6sterreich \u00b7 Telefon: +43 (0) 463 \/ 218 073 \u2013 23 \u00b7 E-Mail: office@pv-invest.com<\/td>\r\n<\/tr>\r\n\r\n<\/table>","_et_gb_content_width":""},"product_brand":[],"product_cat":[28],"product_tag":[],"class_list":{"0":"post-13570","1":"product","2":"type-product","3":"status-publish","4":"has-post-thumbnail","6":"product_cat-anleihen","8":"first","9":"outofstock","10":"virtual","11":"purchasable","12":"product-type-simple"},"_links":{"self":[{"href":"https:\/\/pv-invest.com\/de\/wp-json\/wp\/v2\/product\/13570","targetHints":{"allow":["GET"]}}],"collection":[{"href":"https:\/\/pv-invest.com\/de\/wp-json\/wp\/v2\/product"}],"about":[{"href":"https:\/\/pv-invest.com\/de\/wp-json\/wp\/v2\/types\/product"}],"replies":[{"embeddable":true,"href":"https:\/\/pv-invest.com\/de\/wp-json\/wp\/v2\/comments?post=13570"}],"wp:featuredmedia":[{"embeddable":true,"href":"https:\/\/pv-invest.com\/de\/wp-json\/wp\/v2\/media\/14388"}],"wp:attachment":[{"href":"https:\/\/pv-invest.com\/de\/wp-json\/wp\/v2\/media?parent=13570"}],"wp:term":[{"taxonomy":"product_brand","embeddable":true,"href":"https:\/\/pv-invest.com\/de\/wp-json\/wp\/v2\/product_brand?post=13570"},{"taxonomy":"product_cat","embeddable":true,"href":"https:\/\/pv-invest.com\/de\/wp-json\/wp\/v2\/product_cat?post=13570"},{"taxonomy":"product_tag","embeddable":true,"href":"https:\/\/pv-invest.com\/de\/wp-json\/wp\/v2\/product_tag?post=13570"}],"curies":[{"name":"wp","href":"https:\/\/api.w.org\/{rel}","templated":true}]}}