{"id":15471,"date":"2024-07-30T09:46:44","date_gmt":"2024-07-30T07:46:44","guid":{"rendered":"https:\/\/pv-invest.com\/?post_type=product&#038;p=15471"},"modified":"2025-02-14T20:11:39","modified_gmt":"2025-02-14T19:11:39","slug":"5p-pv-invest-green-bond-2024-2030","status":"publish","type":"product","link":"https:\/\/pv-invest.com\/de\/produkt\/5p-pv-invest-green-bond-2024-2030\/","title":{"rendered":"5,00 % PV-Invest Green Bond 2024-2030"},"content":{"rendered":"<h2>und Angaben zur Anleihe<\/h2>\n<p>Stromerzeugung mittels Photovoltaik sowie Kleinwasserkraft ist \u00fcberaus effektiv und effizient, der \u00f6kologische Fu\u00dfabdruck ist gering. Zudem ist Photovoltaik ein Wachstumsmarkt enormen Ausma\u00dfes. Um die steigende Nachfrage nach umweltfreundlicher Energie zu decken, entwickelt PV-Invest zahlreiche Photovoltaikkraftwerke in Europa.<\/p>\n<p>Ein Green Bond (auf Deutsch \u201eGr\u00fcne Anleihe\u201c) ist eine besondere Form von Anleihe, mit der Geld f\u00fcr umweltfreundliche Projekte gesammelt wird. Mit der Ausgabe unserer Green Bonds verfolgen wir das Ziel, neue Kraftwerke zu errichten und zu erwerben, die nachhaltigen Strom erzeugen.<\/p>\n<h3>Projekt<\/h3>\n<p>Die Anleiheerl\u00f6se werden f\u00fcr den Erwerb oder den Bau neuer Photovoltaik- und Wasserkraftwerke, insbesondere, aber nicht ausschlie\u00dflich in Italien und in Griechenland, sowie f\u00fcr die Sanierung und Instandhaltung bestehender Kraftwerke verwendet.<\/p>\n<h3>Emittent<\/h3>\n<p>PV-Invest GmbH<\/p>\n<h3>Wertpapierart<\/h3>\n<p>Nicht-nachrangige, auf den Inhaber lautende Schuldverschreibungen mit fixem Zinssatz.<\/p>\n<h3>Laufzeit<\/h3>\n<p>72 Monate<\/p>\n<h3>Ausgabepreis<\/h3>\n<p>101 %<\/p>\n<h3>Verzinsung<\/h3>\n<p>5,00 % fix auf die Laufzeit<\/p>\n<h3>Verzinsungsart<\/h3>\n<p>Fix<\/p>\n<h3>Zinstermin<\/h3>\n<p>03.11., erstmals am 03.11.2025<\/p>\n<h3>R\u00fcckzahlung<\/h3>\n<p>100%<\/p>\n<h3>R\u00fcckzahlungstermin<\/h3>\n<p>03.11.2030<\/p>\n<h3>W\u00e4hrung<\/h3>\n<p>Euro<\/p>\n<h3>Emissionsvolumen<\/h3>\n<p>bis zu \u20ac 10 Mio.<\/p>\n<h3>St\u00fcckelung<\/h3>\n<p>\u20ac 1.000,-<\/p>\n<h3>ISIN<\/h3>\n<p>AT0000A3FMY8<\/p>\n","protected":false},"excerpt":{"rendered":"<p>&nbsp;<br \/>\n&nbsp;<br \/>\nMindestzeichnungssumme \u20ac 1.000,- zzgl. 1,0 % Agio.<br \/>\n&nbsp;<br \/>\nSt\u00fcckelung im Nennbetrag von je \u20ac 1.000,-<br \/>\n&nbsp;<br \/>\nSt\u00fcckzinsen ab dem 5. November 2024 von rd. \u20ac 0,14 je \u20ac 1.000,- Anleihe pro Tag<br \/>\n&nbsp;<\/p>\n","protected":false},"featured_media":16464,"comment_status":"closed","ping_status":"closed","template":"","meta":{"_et_pb_use_builder":"off","_et_pb_old_content":"<h2>NUR EINE TESTANLEIHE<\/h2>","_et_gb_content_width":""},"product_brand":[],"product_cat":[28],"product_tag":[],"class_list":{"0":"post-15471","1":"product","2":"type-product","3":"status-publish","4":"has-post-thumbnail","6":"product_cat-anleihen","8":"first","9":"outofstock","10":"virtual","11":"purchasable","12":"product-type-simple"},"_links":{"self":[{"href":"https:\/\/pv-invest.com\/de\/wp-json\/wp\/v2\/product\/15471","targetHints":{"allow":["GET"]}}],"collection":[{"href":"https:\/\/pv-invest.com\/de\/wp-json\/wp\/v2\/product"}],"about":[{"href":"https:\/\/pv-invest.com\/de\/wp-json\/wp\/v2\/types\/product"}],"replies":[{"embeddable":true,"href":"https:\/\/pv-invest.com\/de\/wp-json\/wp\/v2\/comments?post=15471"}],"wp:featuredmedia":[{"embeddable":true,"href":"https:\/\/pv-invest.com\/de\/wp-json\/wp\/v2\/media\/16464"}],"wp:attachment":[{"href":"https:\/\/pv-invest.com\/de\/wp-json\/wp\/v2\/media?parent=15471"}],"wp:term":[{"taxonomy":"product_brand","embeddable":true,"href":"https:\/\/pv-invest.com\/de\/wp-json\/wp\/v2\/product_brand?post=15471"},{"taxonomy":"product_cat","embeddable":true,"href":"https:\/\/pv-invest.com\/de\/wp-json\/wp\/v2\/product_cat?post=15471"},{"taxonomy":"product_tag","embeddable":true,"href":"https:\/\/pv-invest.com\/de\/wp-json\/wp\/v2\/product_tag?post=15471"}],"curies":[{"name":"wp","href":"https:\/\/api.w.org\/{rel}","templated":true}]}}