{"id":15472,"date":"2024-07-30T09:48:38","date_gmt":"2024-07-30T07:48:38","guid":{"rendered":"https:\/\/pv-invest.com\/?post_type=product&#038;p=15472"},"modified":"2025-02-14T20:11:26","modified_gmt":"2025-02-14T19:11:26","slug":"pv-invest-smart-bond-2024-2031","status":"publish","type":"product","link":"https:\/\/pv-invest.com\/de\/produkt\/pv-invest-smart-bond-2024-2031\/","title":{"rendered":"PV-Invest Smart Bond 2024-2031"},"content":{"rendered":"<h2>und Angaben zur Anleihe<\/h2>\n<p>Stromerzeugung mittels Photovoltaik sowie Kleinwasserkraft ist \u00fcberaus effektiv und effizient, der \u00f6kologische Fu\u00dfabdruck ist gering. Zudem ist Photovoltaik ein Wachstumsmarkt enormen Ausma\u00dfes. Um die steigende Nachfrage nach umweltfreundlicher Energie zu decken, entwickelt PV-Invest zahlreiche Photovoltaikkraftwerke in Europa.<\/p>\n<p>Der PV-Invest Smart Bond ist eine Namensanleihe, die auf den Namen des Besitzers ausgestellt wird. Inhaber:innen des PV-Invest Smart Bonds erhalten eine Urkunde und werden in das Namensbuch von PV-Invest aufgenommen.<\/p>\n<h3>Projekt<\/h3>\n<p>Die Anleiheerl\u00f6se werden f\u00fcr den Erwerb oder den Bau neuer Photovoltaik- und Wasserkraftwerke, insbesondere, aber nicht ausschlie\u00dflich in Italien und in Griechenland, sowie f\u00fcr die Sanierung und Instandhaltung bestehender Kraftwerke verwendet.<\/p>\n<h3>Emittent<\/h3>\n<p>PV-Invest GmbH<\/p>\n<h3>Wertpapierart<\/h3>\n<p>Nicht-nachrangige, auf den Inhaber lautende Schuldverschreibungen mit variablem Zinssatz.<\/p>\n<h3>Laufzeit<\/h3>\n<p>84 Monate<\/p>\n<h3>Ausgabepreis<\/h3>\n<p>100 %<\/p>\n<h3>Verzinsung<\/h3>\n<p>Variabel: 12M EURIBOR +1,5 % mit Stichtag 31. Oktober (im ersten Jahr 5% mit dem Stichtag 31.09.2024); min. 3,00% max. 6,00%, auf die Laufzeit.<\/p>\n<h3>Verzinsungsart<\/h3>\n<p>Variabel<\/p>\n<h3>Zinstermin<\/h3>\n<p>03.11., erstmals am 03.11.2025<\/p>\n<h3>R\u00fcckzahlung<\/h3>\n<p>100 %<\/p>\n<h3>R\u00fcckzahlungstermin<\/h3>\n<p>03.11.2031<\/p>\n<h3>W\u00e4hrung<\/h3>\n<p>Euro<\/p>\n<h3>Emissionsvolumen<\/h3>\n<p>bis zu \u20ac 10 Mio.<\/p>\n<h3>St\u00fcckelung<\/h3>\n<p>\u20ac 1.000,-<\/p>\n<h3>ISIN<\/h3>\n<p>AT0000A3FMZ5<\/p>\n","protected":false},"excerpt":{"rendered":"<p>Mindestzeichnungssumme \u20ac 1.000,-<\/p>\n<p>St\u00fcckelung im Nennbetrag von je \u20ac 1.000,-<\/p>\n<p>St\u00fcckzinsen ab dem 5. November 2024 von rd. \u20ac 0,14 je \u20ac 1.000,- Anleihe pro Tag<\/p>\n","protected":false},"featured_media":16462,"comment_status":"closed","ping_status":"closed","template":"","meta":{"_et_pb_use_builder":"off","_et_pb_old_content":"<h2>und Angaben zur Anleihe<\/h2>\r\n\r\n<table>\r\n<tr style=\"vertical-align:top\">\r\n<td width=\"40%\"><strong>Wertpapierart und -gattung<\/strong><\/td>\r\n<td width=\"60%\">nicht-nachrangige, auf den Inhaber lautende Schuldverschreibungen mit fixem Zinssatz<\/td>\r\n<\/tr>\r\n\r\n<tr style=\"vertical-align:top\">\r\n<td width=\"40%\"><strong>ISIN<\/strong><\/td>\r\n<td width=\"60%\">\u00a0<\/td>\r\n<\/tr>\r\n\r\n<tr style=\"vertical-align:top\">\r\n<td width=\"40%\"><strong><span class=\"arrow_right\"><\/span> Anleihe 2020-2025<\/strong><\/td>\r\n<td width=\"60%\"><span class=\"arrow_right\"><\/span> AT0000A2KRF8<\/td>\r\n<\/tr>\r\n\r\n<tr style=\"vertical-align:top\">\r\n<td width=\"40%\"><strong><span class=\"arrow_right\"><\/span> Anleihe 2020-2030<\/strong><\/td>\r\n<td width=\"60%\"><span class=\"arrow_right\"><\/span> AT0000A2KRG6<\/td>\r\n<\/tr>\r\n\r\n<tr style=\"vertical-align:top\">\r\n<td width=\"40%\"><strong>Emissionsvolumen (gem. Basisprospekt)<\/strong><\/td>\r\n<td width=\"60%\">bis zu EUR 15.000.000<\/td>\r\n<\/tr>\r\n\r\n<tr style=\"vertical-align:top\">\r\n<td width=\"40%\"><strong><span class=\"arrow_right\"><\/span> Anleihe 2020-2025<\/strong><\/td>\r\n<td width=\"60%\"><span class=\"arrow_right\"><\/span> bis zu EUR 7.500.000<\/td>\r\n<\/tr>\r\n\r\n<tr style=\"vertical-align:top\">\r\n<td width=\"40%\"><strong><span class=\"arrow_right\"><\/span> Anleihe 2020-2030<\/strong><\/td>\r\n<td width=\"60%\"><span class=\"arrow_right\"><\/span> bis zu EUR 7.500.000<\/td>\r\n<\/tr>\r\n\r\n<tr style=\"vertical-align:top\">\r\n<td width=\"40%\"><strong>Ausgabekurs<\/strong><\/td>\r\n<td width=\"60%\">101,00 %<\/td>\r\n<\/tr>\r\n\r\n<tr style=\"vertical-align:top\">\r\n<td width=\"40%\"><strong>R\u00fcckgabekurs<\/strong><\/td>\r\n<td width=\"60%\">100,00 %<\/td>\r\n<\/tr>\r\n\r\n<tr style=\"vertical-align:top\">\r\n<td width=\"40%\"><strong>Laufzeit<\/strong><\/td>\r\n<td width=\"60%\">in Abh\u00e4ngigkeit der Anleihe<\/td>\r\n<\/tr>\r\n\r\n<tr style=\"vertical-align:top\">\r\n<td width=\"40%\"><strong><span class=\"arrow_right\"><\/span> Anleihe 2020-2025<\/strong><\/td>\r\n<td width=\"60%\"><span class=\"arrow_right\"><\/span> 55 Monate<\/td>\r\n<\/tr>\r\n\r\n<tr style=\"vertical-align:top\">\r\n<td width=\"40%\"><strong><span class=\"arrow_right\"><\/span> Anleihe 2020-2030<\/strong><\/td>\r\n<td width=\"60%\"><span class=\"arrow_right\"><\/span> 120 Monate<\/td>\r\n<\/tr>\r\n\r\n<tr style=\"vertical-align:top\">\r\n<td width=\"40%\"><strong>Verzinsung<\/strong><\/td>\r\n<td width=\"60%\">Die Zinszahlung erfolgt j\u00e4hrlich, erstmals zum 23.11.2021<\/td>\r\n<\/tr>\r\n\r\n<tr style=\"vertical-align:top\">\r\n<td width=\"40%\"><strong><span class=\"arrow_right\"><\/span> Anleihe 2020-2025<\/strong><\/td>\r\n<td width=\"60%\"><span class=\"arrow_right\"><\/span> 3,50 %<\/td>\r\n<\/tr>\r\n\r\n<tr style=\"vertical-align:top\">\r\n<td width=\"40%\"><strong><span class=\"arrow_right\"><\/span> Anleihe 2020-2030<\/strong><\/td>\r\n<td width=\"60%\"><span class=\"arrow_right\"><\/span> 4,50 %<\/td>\r\n<\/tr>\r\n\r\n\r\n<tr style=\"vertical-align:top\">\r\n<td width=\"40%\"><strong>St\u00fcckelung<\/strong><\/td>\r\n<td width=\"60%\">bis zu 15.000 St\u00fcck im Nennbetrag von je EUR 1.000<\/td>\r\n<\/tr>\r\n\r\n<tr style=\"vertical-align:top\">\r\n<td width=\"40%\"><strong>Mindestanlage<\/strong><\/td>\r\n<td width=\"60%\">EUR 1.000<\/td>\r\n<\/tr>\r\n\r\n<tr style=\"vertical-align:top\">\r\n<td width=\"40%\"><strong>Zeichnungsfrist<\/strong><\/td>\r\n<td width=\"60%\">bis 15. Januar 2021, sofern das \u00f6ffentliche Angebot nicht vorzeitig beendet wird<\/td>\r\n<\/tr>\r\n\r\n<tr style=\"vertical-align:top\">\r\n<td width=\"40%\"><strong>St\u00fcckzinsen<\/strong><\/td>\r\n<td width=\"60%\">Zinszahlungen erfolgen stets f\u00fcr eine volle Zinsperiode. Daher werden f\u00fcr den Zeitraum zwischen dem Begebungstag am 23. November 2020 und dem Anleihekauf tagegenaue St\u00fcckzinsen verrechnet.<\/td>\r\n<\/tr>\r\n\r\n<tr style=\"vertical-align:top\">\r\n<td width=\"40%\"><strong>Zahlstelle<\/strong><\/td>\r\n<td width=\"60%\">Baader Bank AG<\/td>\r\n<\/tr>\r\n\r\n<tr style=\"vertical-align:top\">\r\n<td width=\"40%\"><strong>Covenants<\/strong><\/td>\r\n<td width=\"60%\">Pari-passu-Klausel, Negativverpflichtung, Kontrollwechsel-Klausel<\/td>\r\n<\/tr>\r\n\r\n<tr style=\"vertical-align:top\">\r\n<td width=\"40%\"><strong>W\u00e4hrung<\/strong><\/td>\r\n<td width=\"60%\">Euro<\/td>\r\n<\/tr>\r\n\r\n<tr style=\"vertical-align:top\">\r\n<td width=\"40%\"><strong>B\u00f6rsennotierung<\/strong><\/td>\r\n<td width=\"60%\">Vienna MTF<\/td>\r\n<\/tr>\r\n\r\n<tr style=\"vertical-align:top\">\r\n<td width=\"40%\"><strong>Gr\u00fcnde f\u00fcr die Anleihe<\/strong><\/td>\r\n<td width=\"60%\">Die Anleiheerl\u00f6se dienen vorrangig der Wachstumsfinanzierung, insbesondere durch Zuk\u00e4ufe von Projekten und Bestandsobjekten und zu einem geringen Teil der Optimierung der Finanzstrukturen. Ausf\u00fchrliche Informationen zu der Anleihe und den damit verbundenen Risiken finden sich im Wertpapierprospekt. Der gebilligte \/ notifizierte Wertpapierprospekt ist auf der Website der Gesellschaft unter www.pv-invest.com und bei der PV-Invest GmbH, Lakeside B07, A-9020 Klagenfurt, \u00d6sterreich kostenfrei erh\u00e4ltlich.<\/td>\r\n<\/tr>\r\n\r\n<tr style=\"vertical-align:top\">\r\n<td width=\"40%\"><strong>Anwendbares Recht<\/strong><\/td>\r\n<td width=\"60%\">\u00d6sterreichisches Recht<\/td>\r\n<\/tr>\r\n\r\n<tr style=\"vertical-align:top\">\r\n<td width=\"40%\"><strong>Kontakt<\/strong><\/td>\r\n<td width=\"60%\">PV\u2013Invest GmbH \u00b7 Mag. Richard Petz \u00b7 Lakeside B07 \u00b7 A-9020 Klagenfurt \u00b7 \u00d6sterreich \u00b7 Telefon: +43 (0) 463 \/ 218 073 \u2013 23 \u00b7 E-Mail: office@pv-invest.com<\/td>\r\n<\/tr>\r\n\r\n<\/table>","_et_gb_content_width":""},"product_brand":[],"product_cat":[140],"product_tag":[],"class_list":{"0":"post-15472","1":"product","2":"type-product","3":"status-publish","4":"has-post-thumbnail","6":"product_cat-namensanleihen","8":"first","9":"outofstock","10":"virtual","11":"purchasable","12":"product-type-simple"},"_links":{"self":[{"href":"https:\/\/pv-invest.com\/de\/wp-json\/wp\/v2\/product\/15472","targetHints":{"allow":["GET"]}}],"collection":[{"href":"https:\/\/pv-invest.com\/de\/wp-json\/wp\/v2\/product"}],"about":[{"href":"https:\/\/pv-invest.com\/de\/wp-json\/wp\/v2\/types\/product"}],"replies":[{"embeddable":true,"href":"https:\/\/pv-invest.com\/de\/wp-json\/wp\/v2\/comments?post=15472"}],"wp:featuredmedia":[{"embeddable":true,"href":"https:\/\/pv-invest.com\/de\/wp-json\/wp\/v2\/media\/16462"}],"wp:attachment":[{"href":"https:\/\/pv-invest.com\/de\/wp-json\/wp\/v2\/media?parent=15472"}],"wp:term":[{"taxonomy":"product_brand","embeddable":true,"href":"https:\/\/pv-invest.com\/de\/wp-json\/wp\/v2\/product_brand?post=15472"},{"taxonomy":"product_cat","embeddable":true,"href":"https:\/\/pv-invest.com\/de\/wp-json\/wp\/v2\/product_cat?post=15472"},{"taxonomy":"product_tag","embeddable":true,"href":"https:\/\/pv-invest.com\/de\/wp-json\/wp\/v2\/product_tag?post=15472"}],"curies":[{"name":"wp","href":"https:\/\/api.w.org\/{rel}","templated":true}]}}