{"id":4304,"date":"2016-10-12T09:11:27","date_gmt":"2016-10-12T07:11:27","guid":{"rendered":"https:\/\/neu.pv-invest.com\/shop\/"},"modified":"2025-09-19T18:18:48","modified_gmt":"2025-09-19T16:18:48","slug":"aktuelle-anleihen","status":"publish","type":"page","link":"https:\/\/pv-invest.com\/en\/aktuelle-anleihen\/","title":{"rendered":"Aktuelle Anleihen"},"content":{"rendered":"<p>[et_pb_section fb_built=&#8221;1&#8243; _builder_version=&#8221;4.16&#8243; da_disable_devices=&#8221;off|off|off&#8221; global_colors_info=&#8221;{}&#8221; da_is_popup=&#8221;off&#8221; da_exit_intent=&#8221;off&#8221; da_has_close=&#8221;on&#8221; da_alt_close=&#8221;off&#8221; da_dark_close=&#8221;off&#8221; da_not_modal=&#8221;on&#8221; da_is_singular=&#8221;off&#8221; da_with_loader=&#8221;off&#8221; da_has_shadow=&#8221;on&#8221;][et_pb_row _builder_version=&#8221;4.16&#8243; global_colors_info=&#8221;{}&#8221;][et_pb_column type=&#8221;4_4&#8243; _builder_version=&#8221;4.16&#8243; custom_padding=&#8221;|||&#8221; global_colors_info=&#8221;{}&#8221; custom_padding__hover=&#8221;|||&#8221;][et_pb_text disabled_on=&#8221;on|off|off&#8221; admin_label=&#8221;Aktuelle Anleihen Desktop&#8221; module_class=&#8221;pa-heading-line-both&#8221; _builder_version=&#8221;4.27.0&#8243; _module_preset=&#8221;default&#8221; max_width=&#8221;60%&#8221; max_width_tablet=&#8221;100%&#8221; max_width_phone=&#8221;100%&#8221; max_width_last_edited=&#8221;on|desktop&#8221; module_alignment=&#8221;center&#8221; global_colors_info=&#8221;{}&#8221;]<\/p>\n<h1>Aktuelle Anleihen<\/h1>\n<p>[\/et_pb_text][et_pb_text disabled_on=&#8221;off|on|on&#8221; admin_label=&#8221;Aktuelle Anleihen Mobile&#8221; _builder_version=&#8221;4.22.1&#8243; _module_preset=&#8221;default&#8221; text_orientation=&#8221;center&#8221; max_width_tablet=&#8221;&#8221; max_width_phone=&#8221;&#8221; max_width_last_edited=&#8221;on|phone&#8221; module_alignment=&#8221;center&#8221; global_colors_info=&#8221;{}&#8221;]<\/p>\n<h1>Aktuelle Anleihen<\/h1>\n<p>[\/et_pb_text][\/et_pb_column][\/et_pb_row][et_pb_row column_structure=&#8221;1_2,1_2&#8243; disabled_on=&#8221;on|on|on&#8221; _builder_version=&#8221;4.27.4&#8243; background_size=&#8221;initial&#8221; background_position=&#8221;top_left&#8221; background_repeat=&#8221;repeat&#8221; disabled=&#8221;on&#8221; global_colors_info=&#8221;{}&#8221;][et_pb_column type=&#8221;1_2&#8243; _builder_version=&#8221;4.16&#8243; custom_padding=&#8221;|||&#8221; global_colors_info=&#8221;{}&#8221; custom_padding__hover=&#8221;|||&#8221;][et_pb_text admin_label=&#8221;Mit gutem Gewissen in PV-Invest Bonds investieren&#8221; _builder_version=&#8221;4.27.0&#8243; _module_preset=&#8221;default&#8221; header_2_line_height=&#8221;1.3em&#8221; global_colors_info=&#8221;{}&#8221;]<\/p>\n<h2>Mit gutem Gewissen in PV-Invest Bonds investieren<\/h2>\n<p>[\/et_pb_text][et_pb_text _builder_version=&#8221;4.27.0&#8243; _module_preset=&#8221;default&#8221; text_orientation=&#8221;justified&#8221; global_colors_info=&#8221;{}&#8221;]<\/p>\n<p>Bestellen Sie online und erhalten Sie Ihre PV-Invest Bonds.<\/p>\n<p>[\/et_pb_text][et_pb_shop type=&#8221;product_category&#8221; include_categories=&#8221;28,140&#8243; columns_number=&#8221;2&#8243; orderby=&#8221;menu_order&#8221; show_price=&#8221;off&#8221; _builder_version=&#8221;4.27.0&#8243; _module_preset=&#8221;default&#8221; global_colors_info=&#8221;{}&#8221;][\/et_pb_shop][et_pb_text admin_label=&#8221;Haftungsausschluss&#8221; _builder_version=&#8221;4.27.0&#8243; _module_preset=&#8221;default&#8221; text_font_size=&#8221;11px&#8221; text_line_height=&#8221;1.5em&#8221; text_orientation=&#8221;justified&#8221; global_module=&#8221;13430&#8243; saved_tabs=&#8221;all&#8221; global_colors_info=&#8221;{}&#8221;]<\/p>\n<p><strong>Disclailmer:<\/strong> Diese Mitteilung ist weder ein Prospekt noch ein Angebot von Wertpapieren oder eine Einladung ein Angebot zu legen noch eine pers\u00f6nliche Empfehlung f\u00fcr Wertpapiere der PV-Invest GmbH (die \u201eGesellschaft\u201c). Ein Angebot von Wertpapieren der PV-Invest GmbH erfolgt ausschlie\u00dflich auf der Grundlage eines von der Luxemburgischen Finanzmarktaufsichtsbeh\u00f6rde (Commission de Surveillance du Secteur Financier \u2013 \u201eCSSF\u201c) gebilligten und an die Bundesanstalt f\u00fcr Finanzdienstleistungsaufsicht (\u201eBaFin\u201c) und die \u00d6sterreichische Finanzmarktaufsicht (\u201eFMA\u201c) notifizierten Wertpapierprospekts sowie den f\u00fcr die jeweilige Emission anwendbaren Endg\u00fcltigen Bedingungen (Final Terms). Der gebilligte \/ notifizierte Wertpapierprospekt und die Final Terms wurden von der PV-Invest GmbH gem\u00e4\u00df den gesetzlichen Vorgaben auf der Website der Gesellschaft unter <a href=\"https:\/\/pv-invest.com\/wertpapierprospekt\">https:\/\/pv-invest.com\/wertpapierprospekt<\/a> ver\u00f6ffentlicht und sind bei der PV-Invest GmbH, Hauptstra\u00dfe 246, A-9201 Krumpendorf, \u00d6sterreich kostenfrei erh\u00e4ltlich.<\/p>\n<p>[\/et_pb_text][\/et_pb_column][et_pb_column type=&#8221;1_2&#8243; _builder_version=&#8221;4.16&#8243; custom_padding=&#8221;|||&#8221; global_colors_info=&#8221;{}&#8221; custom_padding__hover=&#8221;|||&#8221;][et_pb_text _builder_version=&#8221;4.22.1&#8243; text_font=&#8221;|||on|||||&#8221; text_text_color=&#8221;#003869&#8243; text_font_size=&#8221;24px&#8221; text_line_height=&#8221;1.3em&#8221; background_size=&#8221;initial&#8221; background_position=&#8221;top_left&#8221; background_repeat=&#8221;repeat&#8221; module_alignment=&#8221;left&#8221; global_colors_info=&#8221;{}&#8221;]<\/p>\n<h2>PROSPEKT DOWNLOADS<\/h2>\n<p>[\/et_pb_text][et_pb_divider show_divider=&#8221;off&#8221; _builder_version=&#8221;4.16&#8243; max_width=&#8221;25%&#8221; height=&#8221;0px&#8221; global_colors_info=&#8221;{}&#8221;][\/et_pb_divider][et_pb_text admin_label=&#8221;Prospekt Download Text&#8221; _builder_version=&#8221;4.27.4&#8243; z_index_tablet=&#8221;500&#8243; text_text_shadow_horizontal_length_tablet=&#8221;0px&#8221; text_text_shadow_vertical_length_tablet=&#8221;0px&#8221; text_text_shadow_blur_strength_tablet=&#8221;1px&#8221; link_text_shadow_horizontal_length_tablet=&#8221;0px&#8221; link_text_shadow_vertical_length_tablet=&#8221;0px&#8221; link_text_shadow_blur_strength_tablet=&#8221;1px&#8221; ul_text_shadow_horizontal_length_tablet=&#8221;0px&#8221; ul_text_shadow_vertical_length_tablet=&#8221;0px&#8221; ul_text_shadow_blur_strength_tablet=&#8221;1px&#8221; ol_text_shadow_horizontal_length_tablet=&#8221;0px&#8221; ol_text_shadow_vertical_length_tablet=&#8221;0px&#8221; ol_text_shadow_blur_strength_tablet=&#8221;1px&#8221; quote_text_shadow_horizontal_length_tablet=&#8221;0px&#8221; quote_text_shadow_vertical_length_tablet=&#8221;0px&#8221; quote_text_shadow_blur_strength_tablet=&#8221;1px&#8221; header_text_shadow_horizontal_length_tablet=&#8221;0px&#8221; header_text_shadow_vertical_length_tablet=&#8221;0px&#8221; header_text_shadow_blur_strength_tablet=&#8221;1px&#8221; header_2_text_shadow_horizontal_length_tablet=&#8221;0px&#8221; header_2_text_shadow_vertical_length_tablet=&#8221;0px&#8221; header_2_text_shadow_blur_strength_tablet=&#8221;1px&#8221; header_3_text_shadow_horizontal_length_tablet=&#8221;0px&#8221; header_3_text_shadow_vertical_length_tablet=&#8221;0px&#8221; header_3_text_shadow_blur_strength_tablet=&#8221;1px&#8221; header_4_text_shadow_horizontal_length_tablet=&#8221;0px&#8221; header_4_text_shadow_vertical_length_tablet=&#8221;0px&#8221; header_4_text_shadow_blur_strength_tablet=&#8221;1px&#8221; header_5_text_shadow_horizontal_length_tablet=&#8221;0px&#8221; header_5_text_shadow_vertical_length_tablet=&#8221;0px&#8221; header_5_text_shadow_blur_strength_tablet=&#8221;1px&#8221; header_6_text_shadow_horizontal_length_tablet=&#8221;0px&#8221; header_6_text_shadow_vertical_length_tablet=&#8221;0px&#8221; header_6_text_shadow_blur_strength_tablet=&#8221;1px&#8221; box_shadow_horizontal_tablet=&#8221;0px&#8221; box_shadow_vertical_tablet=&#8221;0px&#8221; box_shadow_blur_tablet=&#8221;40px&#8221; box_shadow_spread_tablet=&#8221;0px&#8221; global_module=&#8221;13425&#8243; saved_tabs=&#8221;all&#8221; global_colors_info=&#8221;{}&#8221;]<\/p>\n<p>Laden Sie sich hier weitere Prospekte und interessante Informationen zu unseren neuen Anleihen herunter.<\/p>\n<p>Den von der Luxemburgischen Finanzmarktaufsichtsbeh\u00f6rde (Commission de Surveillance du Secteur Financier\u2013\u201eCSSF\u201c) am 20.09.2024 gebilligten und an die Bundesanstalt f\u00fcr Finanzdienstleistungsaufsicht (\u201eBaFin\u201c), die \u00d6sterreichische Finanzmarktaufsicht (\u201eFMA\u201c) und<span> die slowenische Beh\u00f6rde Agencija za trg vrednostnih papirjev (\u201eSecurities market Agency\u201c) notifizierten Wertpapierprospekts<\/span>, sowie die dazugeh\u00f6rigen Endg\u00fcltigen Anleihebedingungen k\u00f6nnen Sie hier herunterladen.<\/p>\n<p><a href=\"\/wp-content\/bonds\/2025\/Base_Prospectus_PV-Invest_Bonds_2025.pdf\"> Basisprospekt f\u00fcr das Anleihe-Emissionsprogramm 2025 der PV-Invest<br \/>\nGmbH (PDF Download)<\/a><\/p>\n<p><a href=\"\/wp-content\/bonds\/2025\/First_Supplement_Base_Prospectus_PV-Invest_Bonds_2025.pdf\"> Erster Nachtrag zum Basisprospekt vom 24. Juli 2025  (PDF Download)<\/a><\/p>\n<p><a href=\"\/wp-content\/bonds\/2025\/Broschuere_PV-Invest_Bond_2025.pdf\"> Informationen zu den PV-Invest Anleihen 2025 (PDF Download)<\/a><\/p>\n<p style=\"margin-top:25px;\"><strong>Anleihebedingungen<\/strong><\/p>\n<p><a href=\"\/wp-content\/bonds\/2025\/Final_Terms_Green_Bond_2025-2027_Jul_2025-2.pdf\"> Endg\u00fcltige Bedingungen vom 28.07.2025 f\u00fcr den bis zu Nominale EUR 5.000.000,- 4,50 % fix PV-Invest Green Bond 2025 bis 2027 (PDF Download)\ufeff<\/a><\/p>\n<p><a href=\"\/wp-content\/bonds\/2025\/Final_Terms_Green_Bond_2025-2030_Jul_2025-2.pdf\"> Endg\u00fcltige Bedingungen vom 28.07.2025 f\u00fcr den bis zu Nominale EUR 5.000.000,- 5,00 % fix PV-Invest Green Bond 2025 bis 2030 (PDF Download)\ufeff<\/a><\/p>\n<p><a href=\"\/wp-content\/bonds\/2025\/OSS_Standalone_Green_Bond_2025-2027_Jul_2025-2.pdf\"> Offer Specific Summary vom 28.07.2025 f\u00fcr den PV-Invest Green Bond 2025 bis 2027 (PDF Download)\ufeff<\/a><\/p>\n<p><a href=\"\/wp-content\/bonds\/2025\/OSS_Standalone_Green_Bond_2025-2030_Jul_2025-2.pdf\">  Offer Specific Summary vom 28.07.2025 f\u00fcr den PV-Invest Green Bond 2025 bis 2030 (PDF Download)<\/a><\/p>\n<p>[\/et_pb_text][\/et_pb_column][\/et_pb_row][et_pb_row disabled_on=&#8221;off|off|off&#8221; _builder_version=&#8221;4.27.4&#8243; background_size=&#8221;initial&#8221; background_position=&#8221;top_left&#8221; background_repeat=&#8221;repeat&#8221; global_colors_info=&#8221;{}&#8221;][et_pb_column type=&#8221;4_4&#8243; _builder_version=&#8221;4.16&#8243; custom_padding=&#8221;|||&#8221; global_colors_info=&#8221;{}&#8221; custom_padding__hover=&#8221;|||&#8221;][et_pb_text _builder_version=&#8221;4.27.4&#8243; _module_preset=&#8221;default&#8221; text_orientation=&#8221;center&#8221; hover_enabled=&#8221;0&#8243; global_colors_info=&#8221;{}&#8221; text_font_size=&#8221;24px&#8221; sticky_enabled=&#8221;0&#8243;]<\/p>\n<p>Die Anleiheemission der PV-Invest Green Bonds 2025 ist bereits beendet.<\/p>\n<p>[\/et_pb_text][\/et_pb_column][\/et_pb_row][\/et_pb_section]<\/p>\n","protected":false},"excerpt":{"rendered":"<p>Aktuelle AnleihenAktuelle AnleihenMit gutem Gewissen in PV-Invest Bonds investierenBestellen Sie online und erhalten Sie Ihre PV-Invest Bonds.Disclailmer: Diese Mitteilung ist weder ein Prospekt noch ein Angebot von Wertpapieren oder eine Einladung ein Angebot zu legen noch eine pers\u00f6nliche Empfehlung f\u00fcr Wertpapiere der PV-Invest GmbH (die \u201eGesellschaft\u201c). Ein Angebot von Wertpapieren der PV-Invest GmbH erfolgt ausschlie\u00dflich [&hellip;]<\/p>\n","protected":false},"author":1,"featured_media":0,"parent":0,"menu_order":0,"comment_status":"closed","ping_status":"closed","template":"","meta":{"_et_pb_use_builder":"on","_et_pb_old_content":"<div style=\"margin-bottom: 20px;\">Bestellen Sie online und erhalten Sie als Best\u00e4tigung Ihrer Bestellung Ihre Zeichnungsscheine f\u00fcr die PV\u2013Invest-Photovoltaik-Anleihe fertig ausgef\u00fcllt per E-Mail oder per Post.\r\n\r\nWeitere Informationen und Prospekte zum Download finden Sie auf unserer <a href=\"\/de\/anleihen\/\">Seite zu Anleihen<\/a>.\r\n<\/div>","_et_gb_content_width":"","footnotes":""},"class_list":["post-4304","page","type-page","status-publish","hentry"],"_links":{"self":[{"href":"https:\/\/pv-invest.com\/en\/wp-json\/wp\/v2\/pages\/4304","targetHints":{"allow":["GET"]}}],"collection":[{"href":"https:\/\/pv-invest.com\/en\/wp-json\/wp\/v2\/pages"}],"about":[{"href":"https:\/\/pv-invest.com\/en\/wp-json\/wp\/v2\/types\/page"}],"author":[{"embeddable":true,"href":"https:\/\/pv-invest.com\/en\/wp-json\/wp\/v2\/users\/1"}],"replies":[{"embeddable":true,"href":"https:\/\/pv-invest.com\/en\/wp-json\/wp\/v2\/comments?post=4304"}],"version-history":[{"count":7,"href":"https:\/\/pv-invest.com\/en\/wp-json\/wp\/v2\/pages\/4304\/revisions"}],"predecessor-version":[{"id":18798,"href":"https:\/\/pv-invest.com\/en\/wp-json\/wp\/v2\/pages\/4304\/revisions\/18798"}],"wp:attachment":[{"href":"https:\/\/pv-invest.com\/en\/wp-json\/wp\/v2\/media?parent=4304"}],"curies":[{"name":"wp","href":"https:\/\/api.w.org\/{rel}","templated":true}]}}